{"id":123,"date":"2024-05-09T14:27:35","date_gmt":"2024-05-09T14:27:35","guid":{"rendered":"https:\/\/zyklotron.de\/?page_id=123"},"modified":"2024-05-15T21:22:16","modified_gmt":"2024-05-15T21:22:16","slug":"oeffnungszeiten-2","status":"publish","type":"page","link":"https:\/\/zyklotron.de\/index.php\/oeffnungszeiten-2\/","title":{"rendered":"\u00d6ffnungszeiten"},"content":{"rendered":"\n<p>In der Regel \u00f6ffnen wir gleich nach dem Fr\u00fchst\u00fcck. Vor und w\u00e4hrend des Fr\u00fchst\u00fccks ist nat\u00fcrlich geschlossen.<\/p>\n\n\n\n<p>Mittag ist danach. Wenn wir wieder Hunger haben. Dann ist zu. Logisch.<\/p>\n\n\n\n<p>Je nach Bundesland legen wir eine Vesper ein. Das ist wichtig, dann ist auch zu.<\/p>\n\n\n\n<p>Zum Feierabend schlie\u00dfen wir dann.<\/p>\n\n\n\n<p>Dazwischen ist offen. Meistens. Au\u00dfer wir machen Kaffeepause. Das machen auch die Kollegen die Tee trinken. Auch die Kolleginnen tun das. Dazu schlie\u00dfen wir nat\u00fcrlich.<\/p>\n","protected":false},"excerpt":{"rendered":"<p>In der Regel \u00f6ffnen wir gleich nach dem Fr\u00fchst\u00fcck. Vor und w\u00e4hrend des Fr\u00fchst\u00fccks ist nat\u00fcrlich geschlossen. Mittag ist danach. Wenn wir wieder Hunger haben. Dann ist zu. Logisch. Je nach Bundesland legen wir eine Vesper ein. Das ist wichtig, dann ist auch zu. Zum Feierabend schlie\u00dfen wir dann. Dazwischen ist offen. Meistens. Au\u00dfer wir [&hellip;]<\/p>\n","protected":false},"author":1,"featured_media":0,"parent":0,"menu_order":0,"comment_status":"closed","ping_status":"closed","template":"","meta":{"footnotes":""},"class_list":["post-123","page","type-page","status-publish","hentry"],"_links":{"self":[{"href":"https:\/\/zyklotron.de\/index.php\/wp-json\/wp\/v2\/pages\/123","targetHints":{"allow":["GET"]}}],"collection":[{"href":"https:\/\/zyklotron.de\/index.php\/wp-json\/wp\/v2\/pages"}],"about":[{"href":"https:\/\/zyklotron.de\/index.php\/wp-json\/wp\/v2\/types\/page"}],"author":[{"embeddable":true,"href":"https:\/\/zyklotron.de\/index.php\/wp-json\/wp\/v2\/users\/1"}],"replies":[{"embeddable":true,"href":"https:\/\/zyklotron.de\/index.php\/wp-json\/wp\/v2\/comments?post=123"}],"version-history":[{"count":4,"href":"https:\/\/zyklotron.de\/index.php\/wp-json\/wp\/v2\/pages\/123\/revisions"}],"predecessor-version":[{"id":133,"href":"https:\/\/zyklotron.de\/index.php\/wp-json\/wp\/v2\/pages\/123\/revisions\/133"}],"wp:attachment":[{"href":"https:\/\/zyklotron.de\/index.php\/wp-json\/wp\/v2\/media?parent=123"}],"curies":[{"name":"wp","href":"https:\/\/api.w.org\/{rel}","templated":true}]}}